{"id":25,"date":"2021-03-21T16:12:58","date_gmt":"2021-03-21T15:12:58","guid":{"rendered":"http:\/\/www.living-home-zimmermann.de\/wordpress\/?page_id=25"},"modified":"2021-03-21T22:59:55","modified_gmt":"2021-03-21T21:59:55","slug":"ueber-mich","status":"publish","type":"page","link":"https:\/\/www.living-home-zimmermann.de\/wordpress\/ueber-mich\/","title":{"rendered":"\u00dcber mich"},"content":{"rendered":"\n<p>Mein Name ist Alexandra Zimmermann und \u00fcber diese Webseite biete ich meine Dienstleistung im Bereich Innendesign an. Falls auch sie ihr Heim umgestalten m\u00f6chten und dabei gestalterische Beratung und Unterst\u00fctzung w\u00fcnschen, bin ich die richtige Innendesignerin f\u00fcr sie. Ich helfe, damit sie sich Zuhause wohlf\u00fchlen!<\/p>\n\n\n\n<figure class=\"wp-block-image size-large\"><img loading=\"lazy\" decoding=\"async\" width=\"221\" height=\"280\" src=\"http:\/\/www.living-home-zimmermann.de\/wordpress\/wp-content\/uploads\/2021\/03\/Alex_Bild_Webseite-1.jpeg\" alt=\"\" class=\"wp-image-37\" srcset=\"https:\/\/www.living-home-zimmermann.de\/wordpress\/wp-content\/uploads\/2021\/03\/Alex_Bild_Webseite-1.jpeg 221w, https:\/\/www.living-home-zimmermann.de\/wordpress\/wp-content\/uploads\/2021\/03\/Alex_Bild_Webseite-1-47x60.jpeg 47w\" sizes=\"auto, (max-width: 221px) 100vw, 221px\" \/><\/figure>\n\n\n\n<p><\/p>\n","protected":false},"excerpt":{"rendered":"<p>Mein Name ist Alexandra Zimmermann und \u00fcber diese Webseite biete ich meine Dienstleistung im Bereich Innendesign an. Falls auch sie ihr Heim umgestalten m\u00f6chten und dabei gestalterische Beratung und Unterst\u00fctzung w\u00fcnschen, bin ich die richtige Innendesignerin f\u00fcr sie. Ich helfe, damit sie sich Zuhause wohlf\u00fchlen!<\/p>\n","protected":false},"author":1,"featured_media":0,"parent":0,"menu_order":0,"comment_status":"closed","ping_status":"closed","template":"","meta":{"footnotes":""},"class_list":["post-25","page","type-page","status-publish","hentry","latest_post"],"_links":{"self":[{"href":"https:\/\/www.living-home-zimmermann.de\/wordpress\/wp-json\/wp\/v2\/pages\/25","targetHints":{"allow":["GET"]}}],"collection":[{"href":"https:\/\/www.living-home-zimmermann.de\/wordpress\/wp-json\/wp\/v2\/pages"}],"about":[{"href":"https:\/\/www.living-home-zimmermann.de\/wordpress\/wp-json\/wp\/v2\/types\/page"}],"author":[{"embeddable":true,"href":"https:\/\/www.living-home-zimmermann.de\/wordpress\/wp-json\/wp\/v2\/users\/1"}],"replies":[{"embeddable":true,"href":"https:\/\/www.living-home-zimmermann.de\/wordpress\/wp-json\/wp\/v2\/comments?post=25"}],"version-history":[{"count":9,"href":"https:\/\/www.living-home-zimmermann.de\/wordpress\/wp-json\/wp\/v2\/pages\/25\/revisions"}],"predecessor-version":[{"id":108,"href":"https:\/\/www.living-home-zimmermann.de\/wordpress\/wp-json\/wp\/v2\/pages\/25\/revisions\/108"}],"wp:attachment":[{"href":"https:\/\/www.living-home-zimmermann.de\/wordpress\/wp-json\/wp\/v2\/media?parent=25"}],"curies":[{"name":"wp","href":"https:\/\/api.w.org\/{rel}","templated":true}]}}