{"id":32,"date":"2021-03-21T17:15:33","date_gmt":"2021-03-21T16:15:33","guid":{"rendered":"http:\/\/www.living-home-zimmermann.de\/wordpress\/?page_id=32"},"modified":"2021-03-21T22:57:57","modified_gmt":"2021-03-21T21:57:57","slug":"herzlich-willkommen","status":"publish","type":"page","link":"https:\/\/www.living-home-zimmermann.de\/wordpress\/herzlich-willkommen\/","title":{"rendered":"Meine Webseite"},"content":{"rendered":"\n<p>In den Bildgalerien nebenan k\u00f6nnen sie einen Eindruck bekommen \u00fcber meine Arbeit, die ich immer in enger Abstimmung mit meinen Kunden durchf\u00fchre. Viel Spass beim Durchklicken.<\/p>\n\n\n\n<p>Demn\u00e4chst folgen noch ein paar Galerien, die einen &#8222;Vorher-Nachher&#8220; Vergleich erlauben.<\/p>\n","protected":false},"excerpt":{"rendered":"<p>In den Bildgalerien nebenan k\u00f6nnen sie einen Eindruck bekommen \u00fcber meine Arbeit, die ich immer in enger Abstimmung mit meinen Kunden durchf\u00fchre. Viel Spass beim Durchklicken. Demn\u00e4chst folgen noch ein paar Galerien, die einen &#8222;Vorher-Nachher&#8220; Vergleich erlauben.<\/p>\n","protected":false},"author":1,"featured_media":0,"parent":0,"menu_order":0,"comment_status":"closed","ping_status":"closed","template":"","meta":{"footnotes":""},"class_list":["post-32","page","type-page","status-publish","hentry","latest_post"],"_links":{"self":[{"href":"https:\/\/www.living-home-zimmermann.de\/wordpress\/wp-json\/wp\/v2\/pages\/32","targetHints":{"allow":["GET"]}}],"collection":[{"href":"https:\/\/www.living-home-zimmermann.de\/wordpress\/wp-json\/wp\/v2\/pages"}],"about":[{"href":"https:\/\/www.living-home-zimmermann.de\/wordpress\/wp-json\/wp\/v2\/types\/page"}],"author":[{"embeddable":true,"href":"https:\/\/www.living-home-zimmermann.de\/wordpress\/wp-json\/wp\/v2\/users\/1"}],"replies":[{"embeddable":true,"href":"https:\/\/www.living-home-zimmermann.de\/wordpress\/wp-json\/wp\/v2\/comments?post=32"}],"version-history":[{"count":7,"href":"https:\/\/www.living-home-zimmermann.de\/wordpress\/wp-json\/wp\/v2\/pages\/32\/revisions"}],"predecessor-version":[{"id":106,"href":"https:\/\/www.living-home-zimmermann.de\/wordpress\/wp-json\/wp\/v2\/pages\/32\/revisions\/106"}],"wp:attachment":[{"href":"https:\/\/www.living-home-zimmermann.de\/wordpress\/wp-json\/wp\/v2\/media?parent=32"}],"curies":[{"name":"wp","href":"https:\/\/api.w.org\/{rel}","templated":true}]}}